{"id":3221,"date":"2023-01-24T22:39:11","date_gmt":"2023-01-24T21:39:11","guid":{"rendered":"https:\/\/eficasablanca.org\/?page_id=3221"},"modified":"2025-09-08T11:45:36","modified_gmt":"2025-09-08T09:45:36","slug":"association-de-parents-deleves-ucpefi","status":"publish","type":"page","link":"https:\/\/eficasablanca.org\/en\/association-de-parents-deleves-ucpefi\/","title":{"rendered":"UcpEFI Parents Association"},"content":{"rendered":"<div data-elementor-type=\"wp-page\" data-elementor-id=\"3221\" class=\"elementor elementor-3221\" data-elementor-post-type=\"page\">\n\t\t\t\t\t\t<section class=\"elementor-section elementor-top-section elementor-element elementor-element-bbc9001 elementor-section-height-min-height elementor-section-boxed elementor-section-height-default elementor-section-items-middle\" data-id=\"bbc9001\" data-element_type=\"section\" data-e-type=\"section\" data-settings=\"{&quot;background_background&quot;:&quot;classic&quot;}\">\n\t\t\t\t\t\t\t<div class=\"elementor-background-overlay\"><\/div>\n\t\t\t\t\t\t\t<div class=\"elementor-container elementor-column-gap-default\">\n\t\t\t\t\t<div class=\"elementor-column elementor-col-100 elementor-top-column elementor-element elementor-element-4e2fe322\" data-id=\"4e2fe322\" data-element_type=\"column\" data-e-type=\"column\">\n\t\t\t<div class=\"elementor-widget-wrap elementor-element-populated\">\n\t\t\t\t\t\t<div class=\"elementor-element elementor-element-2af0234 elementor-widget elementor-widget-text-editor\" data-id=\"2af0234\" data-element_type=\"widget\" data-e-type=\"widget\" data-widget_type=\"text-editor.default\">\n\t\t\t\t<div class=\"elementor-widget-container\">\n\t\t\t\t\t\t\t\t\t<p>Community<\/p>\t\t\t\t\t\t\t\t<\/div>\n\t\t\t\t<\/div>\n\t\t\t\t<div class=\"elementor-element elementor-element-26f0f9a9 elementor-widget elementor-widget-heading\" data-id=\"26f0f9a9\" data-element_type=\"widget\" data-e-type=\"widget\" data-widget_type=\"heading.default\">\n\t\t\t\t<div class=\"elementor-widget-container\">\n\t\t\t\t\t<h1 class=\"elementor-heading-title elementor-size-default\">L'association des Parents d'\u00e9l\u00e8ves UcpEFI<\/h1>\t\t\t\t<\/div>\n\t\t\t\t<\/div>\n\t\t\t\t\t<\/div>\n\t\t<\/div>\n\t\t\t\t\t<\/div>\n\t\t<\/section>\n\t\t\t\t<section class=\"elementor-section elementor-top-section elementor-element elementor-element-d602985 elementor-section-boxed elementor-section-height-default elementor-section-height-default\" data-id=\"d602985\" data-element_type=\"section\" data-e-type=\"section\">\n\t\t\t\t\t\t<div class=\"elementor-container elementor-column-gap-default\">\n\t\t\t\t\t<div class=\"elementor-column elementor-col-100 elementor-top-column elementor-element elementor-element-41a8d45\" data-id=\"41a8d45\" data-element_type=\"column\" data-e-type=\"column\">\n\t\t\t<div class=\"elementor-widget-wrap elementor-element-populated\">\n\t\t\t\t\t\t<div class=\"elementor-element elementor-element-04727e0 elementor-widget elementor-widget-text-editor\" data-id=\"04727e0\" data-element_type=\"widget\" data-e-type=\"widget\" data-widget_type=\"text-editor.default\">\n\t\t\t\t<div class=\"elementor-widget-container\">\n\t\t\t\t\t\t\t\t\t<p>The<strong>UcpEFI<\/strong> is the Parents Association of EFI Casablanca. Its role is to represent, inform and support the parents and children of EFI Casablanca in all matters.<\/p>\t\t\t\t\t\t\t\t<\/div>\n\t\t\t\t<\/div>\n\t\t\t\t\t<\/div>\n\t\t<\/div>\n\t\t\t\t\t<\/div>\n\t\t<\/section>\n\t\t\t\t<section class=\"elementor-section elementor-top-section elementor-element elementor-element-d358f6a elementor-section-boxed elementor-section-height-default elementor-section-height-default\" data-id=\"d358f6a\" data-element_type=\"section\" data-e-type=\"section\">\n\t\t\t\t\t\t<div class=\"elementor-container elementor-column-gap-default\">\n\t\t\t\t\t<div class=\"elementor-column elementor-col-50 elementor-top-column elementor-element elementor-element-38e3a49\" data-id=\"38e3a49\" data-element_type=\"column\" data-e-type=\"column\">\n\t\t\t<div class=\"elementor-widget-wrap elementor-element-populated\">\n\t\t\t\t\t\t<div class=\"elementor-element elementor-element-46ef3b9 elementor-widget elementor-widget-image\" data-id=\"46ef3b9\" data-element_type=\"widget\" data-e-type=\"widget\" data-widget_type=\"image.default\">\n\t\t\t\t<div class=\"elementor-widget-container\">\n\t\t\t\t\t\t\t\t\t\t\t\t\t\t\t<img fetchpriority=\"high\" decoding=\"async\" width=\"800\" height=\"480\" src=\"https:\/\/eficasablanca.org\/wp-content\/uploads\/2023\/02\/logo-ucpefi-1024x614.webp\" class=\"attachment-large size-large wp-image-4068\" alt=\"\" srcset=\"https:\/\/eficasablanca.org\/wp-content\/uploads\/2023\/02\/logo-ucpefi-1024x614.webp 1024w, https:\/\/eficasablanca.org\/wp-content\/uploads\/2023\/02\/logo-ucpefi-300x180.webp 300w, https:\/\/eficasablanca.org\/wp-content\/uploads\/2023\/02\/logo-ucpefi-768x461.webp 768w, https:\/\/eficasablanca.org\/wp-content\/uploads\/2023\/02\/logo-ucpefi-1536x922.webp 1536w, https:\/\/eficasablanca.org\/wp-content\/uploads\/2023\/02\/logo-ucpefi-2048x1229.webp 2048w, https:\/\/eficasablanca.org\/wp-content\/uploads\/2023\/02\/logo-ucpefi-18x12.webp 18w, https:\/\/eficasablanca.org\/wp-content\/uploads\/2023\/02\/logo-ucpefi-600x360.webp 600w\" sizes=\"(max-width: 800px) 100vw, 800px\" \/>\t\t\t\t\t\t\t\t\t\t\t\t\t\t\t<\/div>\n\t\t\t\t<\/div>\n\t\t\t\t<div class=\"elementor-element elementor-element-37f4654 elementor-widget elementor-widget-text-editor\" data-id=\"37f4654\" data-element_type=\"widget\" data-e-type=\"widget\" data-widget_type=\"text-editor.default\">\n\t\t\t\t<div class=\"elementor-widget-container\">\n\t\t\t\t\t\t\t\t\t<p>Their main mission is to <strong>BUILD A HIGH-QUALITY SCHOOL TOGETHER<\/strong><\/p>\t\t\t\t\t\t\t\t<\/div>\n\t\t\t\t<\/div>\n\t\t\t\t<div class=\"elementor-element elementor-element-8ef9c80 elementor-widget elementor-widget-text-editor\" data-id=\"8ef9c80\" data-element_type=\"widget\" data-e-type=\"widget\" data-widget_type=\"text-editor.default\">\n\t\t\t\t<div class=\"elementor-widget-container\">\n\t\t\t\t\t\t\t\t\t<p>The<strong>UcpEFI<\/strong> is a well-established and recognized association. They are affiliated to UCPE, the first parent association of the AEFE network, active in Morocco for 35 years.<sup><br><\/sup> <br><strong>UcpEFI<\/strong> is a useful and collaborative group which focuses on the needs of both parents and children.<\/p>\t\t\t\t\t\t\t\t<\/div>\n\t\t\t\t<\/div>\n\t\t\t\t<div class=\"elementor-element elementor-element-b843860 elementor-widget elementor-widget-text-editor\" data-id=\"b843860\" data-element_type=\"widget\" data-e-type=\"widget\" data-widget_type=\"text-editor.default\">\n\t\t\t\t<div class=\"elementor-widget-container\">\n\t\t\t\t\t\t\t\t\t<p>The team is experienced and committed to supporting the goals and vision of the school.<strong>UcpEFI<\/strong> is strongly involved in solidarity and charity work (Action in the Atlas, Dar Lamia, Charity Challenge...). The members of the board have been trained to support parents of children with special needs and are dedicated to supporting multilingual education for a better understanding of the world in an inclusive school.<\/p>\t\t\t\t\t\t\t\t<\/div>\n\t\t\t\t<\/div>\n\t\t\t\t\t<\/div>\n\t\t<\/div>\n\t\t\t\t<div class=\"elementor-column elementor-col-50 elementor-top-column elementor-element elementor-element-850eff6\" data-id=\"850eff6\" data-element_type=\"column\" data-e-type=\"column\" data-settings=\"{&quot;background_background&quot;:&quot;classic&quot;}\">\n\t\t\t<div class=\"elementor-widget-wrap elementor-element-populated\">\n\t\t\t\t\t\t<div class=\"elementor-element elementor-element-688edbb elementor-invisible elementor-widget elementor-widget-image\" data-id=\"688edbb\" data-element_type=\"widget\" data-e-type=\"widget\" data-settings=\"{&quot;_animation&quot;:&quot;fadeInRight&quot;}\" data-widget_type=\"image.default\">\n\t\t\t\t<div class=\"elementor-widget-container\">\n\t\t\t\t\t\t\t\t\t\t\t\t\t\t\t<img decoding=\"async\" width=\"800\" height=\"596\" src=\"https:\/\/eficasablanca.org\/wp-content\/uploads\/2023\/01\/ucpEFI-1024x763.webp\" class=\"attachment-large size-large wp-image-3534\" alt=\"\" srcset=\"https:\/\/eficasablanca.org\/wp-content\/uploads\/2023\/01\/ucpEFI-1024x763.webp 1024w, https:\/\/eficasablanca.org\/wp-content\/uploads\/2023\/01\/ucpEFI-300x223.webp 300w, https:\/\/eficasablanca.org\/wp-content\/uploads\/2023\/01\/ucpEFI-768x572.webp 768w, https:\/\/eficasablanca.org\/wp-content\/uploads\/2023\/01\/ucpEFI-16x12.webp 16w, https:\/\/eficasablanca.org\/wp-content\/uploads\/2023\/01\/ucpEFI-600x447.webp 600w, https:\/\/eficasablanca.org\/wp-content\/uploads\/2023\/01\/ucpEFI.webp 1074w\" sizes=\"(max-width: 800px) 100vw, 800px\" \/>\t\t\t\t\t\t\t\t\t\t\t\t\t\t\t<\/div>\n\t\t\t\t<\/div>\n\t\t\t\t\t<\/div>\n\t\t<\/div>\n\t\t\t\t\t<\/div>\n\t\t<\/section>\n\t\t<div class=\"elementor-element elementor-element-7e989ea e-flex e-con-boxed e-con e-parent\" data-id=\"7e989ea\" data-element_type=\"container\" data-e-type=\"container\">\n\t\t\t\t\t<div class=\"e-con-inner\">\n\t\t<div class=\"elementor-element elementor-element-f2510c4 e-con-full e-flex e-con e-parent\" data-id=\"f2510c4\" data-element_type=\"container\" data-e-type=\"container\">\n\t\t\t\t<div class=\"elementor-element elementor-element-defc214 elementor-widget elementor-widget-text-editor\" data-id=\"defc214\" data-element_type=\"widget\" data-e-type=\"widget\" data-widget_type=\"text-editor.default\">\n\t\t\t\t<div class=\"elementor-widget-container\">\n\t\t\t\t\t\t\t\t\t<p>The objective is <strong>TO WORK TOGETHER<\/strong> on 4 main areas:<\/p>\t\t\t\t\t\t\t\t<\/div>\n\t\t\t\t<\/div>\n\t\t\t\t<div class=\"elementor-element elementor-element-bd8d629 elementor-align-start elementor-icon-list--layout-traditional elementor-list-item-link-full_width elementor-widget elementor-widget-icon-list\" data-id=\"bd8d629\" data-element_type=\"widget\" data-e-type=\"widget\" data-widget_type=\"icon-list.default\">\n\t\t\t\t<div class=\"elementor-widget-container\">\n\t\t\t\t\t\t\t<ul class=\"elementor-icon-list-items\">\n\t\t\t\t\t\t\t<li class=\"elementor-icon-list-item\">\n\t\t\t\t\t\t\t\t\t\t\t<span class=\"elementor-icon-list-icon\">\n\t\t\t\t\t\t\t<i aria-hidden=\"true\" class=\"fas fa-check\"><\/i>\t\t\t\t\t\t<\/span>\n\t\t\t\t\t\t\t\t\t\t<span class=\"elementor-icon-list-text\"><b>The School of Communication:<\/b> to ensure a continuous and transparent flow of information within an appropriate timeframe;<\/span>\n\t\t\t\t\t\t\t\t\t<\/li>\n\t\t\t\t\t\t\t\t<li class=\"elementor-icon-list-item\">\n\t\t\t\t\t\t\t\t\t\t\t<span class=\"elementor-icon-list-icon\">\n\t\t\t\t\t\t\t<i aria-hidden=\"true\" class=\"fas fa-check\"><\/i>\t\t\t\t\t\t<\/span>\n\t\t\t\t\t\t\t\t\t\t<span class=\"elementor-icon-list-text\"><b>The School of Excellence:<\/b> to support students in shaping their life projects and to contribute to the personal, intellectual, and learning enrichment of our future citizens;<\/span>\n\t\t\t\t\t\t\t\t\t<\/li>\n\t\t\t\t\t\t\t\t<li class=\"elementor-icon-list-item\">\n\t\t\t\t\t\t\t\t\t\t\t<span class=\"elementor-icon-list-icon\">\n\t\t\t\t\t\t\t<i aria-hidden=\"true\" class=\"fas fa-check\"><\/i>\t\t\t\t\t\t<\/span>\n\t\t\t\t\t\t\t\t\t\t<span class=\"elementor-icon-list-text\"><b>The School of Cooperation:<\/b> to foster a spirit of collaborative community;<\/span>\n\t\t\t\t\t\t\t\t\t<\/li>\n\t\t\t\t\t\t\t\t<li class=\"elementor-icon-list-item\">\n\t\t\t\t\t\t\t\t\t\t\t<span class=\"elementor-icon-list-icon\">\n\t\t\t\t\t\t\t<i aria-hidden=\"true\" class=\"fas fa-check\"><\/i>\t\t\t\t\t\t<\/span>\n\t\t\t\t\t\t\t\t\t\t<span class=\"elementor-icon-list-text\"><b>The School of Trust: <\/b>to promote the well-being and development of both young and older students.<\/span>\n\t\t\t\t\t\t\t\t\t<\/li>\n\t\t\t\t\t\t<\/ul>\n\t\t\t\t\t\t<\/div>\n\t\t\t\t<\/div>\n\t\t\t\t<div class=\"elementor-element elementor-element-df0a75d elementor-shape-square e-grid-align-left elementor-grid-0 elementor-widget elementor-widget-social-icons\" data-id=\"df0a75d\" data-element_type=\"widget\" data-e-type=\"widget\" data-widget_type=\"social-icons.default\">\n\t\t\t\t<div class=\"elementor-widget-container\">\n\t\t\t\t\t\t\t<div class=\"elementor-social-icons-wrapper elementor-grid\" role=\"list\">\n\t\t\t\t\t\t\t<span class=\"elementor-grid-item\" role=\"listitem\">\n\t\t\t\t\t<a class=\"elementor-icon elementor-social-icon elementor-social-icon-facebook elementor-repeater-item-8d02f4c\" href=\"https:\/\/www.facebook.com\/Ucpefi\" target=\"_blank\">\n\t\t\t\t\t\t<span class=\"elementor-screen-only\">Facebook<\/span>\n\t\t\t\t\t\t<i aria-hidden=\"true\" class=\"fab fa-facebook\"><\/i>\t\t\t\t\t<\/a>\n\t\t\t\t<\/span>\n\t\t\t\t\t\t\t<span class=\"elementor-grid-item\" role=\"listitem\">\n\t\t\t\t\t<a class=\"elementor-icon elementor-social-icon elementor-social-icon-instagram elementor-repeater-item-70bd8cb\" href=\"https:\/\/www.instagram.com\/ucp.efi\/\" target=\"_blank\">\n\t\t\t\t\t\t<span class=\"elementor-screen-only\">Instagram<\/span>\n\t\t\t\t\t\t<i aria-hidden=\"true\" class=\"fab fa-instagram\"><\/i>\t\t\t\t\t<\/a>\n\t\t\t\t<\/span>\n\t\t\t\t\t<\/div>\n\t\t\t\t\t\t<\/div>\n\t\t\t\t<\/div>\n\t\t\t\t<\/div>\n\t\t<div class=\"elementor-element elementor-element-f8dd0e5 e-con-full e-flex e-con e-parent\" data-id=\"f8dd0e5\" data-element_type=\"container\" data-e-type=\"container\" data-settings=\"{&quot;background_background&quot;:&quot;classic&quot;}\">\n\t\t\t\t<div class=\"elementor-element elementor-element-cdaca20 elementor-widget elementor-widget-text-editor\" data-id=\"cdaca20\" data-element_type=\"widget\" data-e-type=\"widget\" data-widget_type=\"text-editor.default\">\n\t\t\t\t<div class=\"elementor-widget-container\">\n\t\t\t\t\t\t\t\t\t<p>You can contact us by email at <a href=\"mailto:contact@ucpe-efi.com\"><strong>contact@ucpe-efi.com<\/strong><\/a> for all requests<\/p>\t\t\t\t\t\t\t\t<\/div>\n\t\t\t\t<\/div>\n\t\t\t\t<\/div>\n\t\t\t\t\t<\/div>\n\t\t\t\t<\/div>\n\t\t\t\t<\/div>","protected":false},"excerpt":{"rendered":"<p>Communaut\u00e9 L&rsquo;association des Parents d&rsquo;\u00e9l\u00e8ves UcpEFI L\u2019UcpEFI est l\u2019Association de Parents d\u2019\u00e9l\u00e8ves de l\u2019EFI Casablanca. Son r\u00f4le est de repr\u00e9senter, d\u2019informer et d\u2019accompagner les parents et enfants de l\u2019EFI Casablanca dans toutes leurs d\u00e9marches. Notre mission principale est de\u00a0: CONSTRUIRE ENSEMBLE UNE ECOLE DE R\u00c9F\u00c9RENCE L\u2019UcpEFI est une Association structur\u00e9e et reconnue. Nous sommes affili\u00e9s [&hellip;]<\/p>\n","protected":false},"author":1,"featured_media":0,"parent":0,"menu_order":0,"comment_status":"closed","ping_status":"closed","template":"","meta":{"_acf_changed":false,"footnotes":""},"class_list":["post-3221","page","type-page","status-publish","hentry"],"acf":[],"yoast_head":"<!-- This site is optimized with the Yoast SEO plugin v27.1.1 - https:\/\/yoast.com\/product\/yoast-seo-wordpress\/ -->\n<title>L\u2019Association de Parents d\u2019\u00e9l\u00e8ves UcpEFI - \u00c9cole Fran\u00e7aise Internationale de Casablanca<\/title>\n<meta name=\"description\" content=\"L\u2019Association de Parents d\u2019\u00e9l\u00e8ves UcpEFI : Communaut\u00e9 L&#039;association des Parents d&#039;\u00e9l\u00e8ves UcpEFI L\u2019UcpEFI est l\u2019Association de Parents d\u2019\u00e9l\u00e8ves de l\u2019EFI Casablanca. Son r\u00f4le est de repr\u00e9senter,\" \/>\n<meta name=\"robots\" content=\"index, follow, max-snippet:-1, max-image-preview:large, max-video-preview:-1\" \/>\n<link rel=\"canonical\" href=\"https:\/\/eficasablanca.org\/en\/association-de-parents-deleves-ucpefi\/\" \/>\n<meta property=\"og:locale\" content=\"en_US\" \/>\n<meta property=\"og:type\" content=\"article\" \/>\n<meta property=\"og:title\" content=\"L\u2019Association de Parents d\u2019\u00e9l\u00e8ves UcpEFI - \u00c9cole Fran\u00e7aise Internationale de Casablanca\" \/>\n<meta property=\"og:description\" content=\"L\u2019Association de Parents d\u2019\u00e9l\u00e8ves UcpEFI : Communaut\u00e9 L&#039;association des Parents d&#039;\u00e9l\u00e8ves UcpEFI L\u2019UcpEFI est l\u2019Association de Parents d\u2019\u00e9l\u00e8ves de l\u2019EFI Casablanca. Son r\u00f4le est de repr\u00e9senter,\" \/>\n<meta property=\"og:url\" content=\"https:\/\/eficasablanca.org\/en\/association-de-parents-deleves-ucpefi\/\" \/>\n<meta property=\"og:site_name\" content=\"\u00c9cole Fran\u00e7aise Internationale de Casablanca\" \/>\n<meta property=\"article:publisher\" content=\"https:\/\/www.facebook.com\/EFICasablanca\" \/>\n<meta property=\"article:modified_time\" content=\"2025-09-08T09:45:36+00:00\" \/>\n<meta property=\"og:image\" content=\"https:\/\/eficasablanca.org\/wp-content\/uploads\/2023\/02\/logo-ucpefi-1024x614.webp\" \/>\n<meta name=\"twitter:card\" content=\"summary_large_image\" \/>\n<meta name=\"twitter:label1\" content=\"Est. reading time\" \/>\n\t<meta name=\"twitter:data1\" content=\"2 minutes\" \/>\n<script type=\"application\/ld+json\" class=\"yoast-schema-graph\">{\"@context\":\"https:\/\/schema.org\",\"@graph\":[{\"@type\":\"WebPage\",\"@id\":\"https:\/\/eficasablanca.org\/association-de-parents-deleves-ucpefi\/\",\"url\":\"https:\/\/eficasablanca.org\/association-de-parents-deleves-ucpefi\/\",\"name\":\"L\u2019Association de Parents d\u2019\u00e9l\u00e8ves UcpEFI - \u00c9cole Fran\u00e7aise Internationale de Casablanca\",\"isPartOf\":{\"@id\":\"https:\/\/eficasablanca.org\/#website\"},\"primaryImageOfPage\":{\"@id\":\"https:\/\/eficasablanca.org\/association-de-parents-deleves-ucpefi\/#primaryimage\"},\"image\":{\"@id\":\"https:\/\/eficasablanca.org\/association-de-parents-deleves-ucpefi\/#primaryimage\"},\"thumbnailUrl\":\"https:\/\/eficasablanca.org\/wp-content\/uploads\/2023\/02\/logo-ucpefi-1024x614.webp\",\"datePublished\":\"2023-01-24T21:39:11+00:00\",\"dateModified\":\"2025-09-08T09:45:36+00:00\",\"description\":\"L\u2019Association de Parents d\u2019\u00e9l\u00e8ves UcpEFI : Communaut\u00e9 L'association des Parents d'\u00e9l\u00e8ves UcpEFI L\u2019UcpEFI est l\u2019Association de Parents d\u2019\u00e9l\u00e8ves de l\u2019EFI Casablanca. Son r\u00f4le est de repr\u00e9senter,\",\"breadcrumb\":{\"@id\":\"https:\/\/eficasablanca.org\/association-de-parents-deleves-ucpefi\/#breadcrumb\"},\"inLanguage\":\"en-US\",\"potentialAction\":[{\"@type\":\"ReadAction\",\"target\":[\"https:\/\/eficasablanca.org\/association-de-parents-deleves-ucpefi\/\"]}]},{\"@type\":\"ImageObject\",\"inLanguage\":\"en-US\",\"@id\":\"https:\/\/eficasablanca.org\/association-de-parents-deleves-ucpefi\/#primaryimage\",\"url\":\"https:\/\/eficasablanca.org\/wp-content\/uploads\/2023\/02\/logo-ucpefi-1024x614.webp\",\"contentUrl\":\"https:\/\/eficasablanca.org\/wp-content\/uploads\/2023\/02\/logo-ucpefi-1024x614.webp\"},{\"@type\":\"BreadcrumbList\",\"@id\":\"https:\/\/eficasablanca.org\/association-de-parents-deleves-ucpefi\/#breadcrumb\",\"itemListElement\":[{\"@type\":\"ListItem\",\"position\":1,\"name\":\"Accueil\",\"item\":\"https:\/\/eficasablanca.org\/\"},{\"@type\":\"ListItem\",\"position\":2,\"name\":\"L\u2019Association de Parents d\u2019\u00e9l\u00e8ves UcpEFI\"}]},{\"@type\":\"WebSite\",\"@id\":\"https:\/\/eficasablanca.org\/#website\",\"url\":\"https:\/\/eficasablanca.org\/\",\"name\":\"\u00c9cole Fran\u00e7aise Internationale de Casablanca\",\"description\":\"L&#039;\u00c9cole Fran\u00e7aise Internationale\",\"publisher\":{\"@id\":\"https:\/\/eficasablanca.org\/#organization\"},\"potentialAction\":[{\"@type\":\"SearchAction\",\"target\":{\"@type\":\"EntryPoint\",\"urlTemplate\":\"https:\/\/eficasablanca.org\/?s={search_term_string}\"},\"query-input\":{\"@type\":\"PropertyValueSpecification\",\"valueRequired\":true,\"valueName\":\"search_term_string\"}}],\"inLanguage\":\"en-US\"},{\"@type\":\"Organization\",\"@id\":\"https:\/\/eficasablanca.org\/#organization\",\"name\":\"Ecole Fran\u00e7aise Internationale Casablanca\",\"url\":\"https:\/\/eficasablanca.org\/\",\"logo\":{\"@type\":\"ImageObject\",\"inLanguage\":\"en-US\",\"@id\":\"https:\/\/eficasablanca.org\/#\/schema\/logo\/image\/\",\"url\":\"https:\/\/eficasablanca.org\/wp-content\/uploads\/2022\/12\/Logo-EFI-DEF-1-1-02-1.webp\",\"contentUrl\":\"https:\/\/eficasablanca.org\/wp-content\/uploads\/2022\/12\/Logo-EFI-DEF-1-1-02-1.webp\",\"width\":644,\"height\":100,\"caption\":\"Ecole Fran\u00e7aise Internationale Casablanca\"},\"image\":{\"@id\":\"https:\/\/eficasablanca.org\/#\/schema\/logo\/image\/\"},\"sameAs\":[\"https:\/\/www.facebook.com\/EFICasablanca\",\"https:\/\/www.instagram.com\/efi_casablanca\/?hl=fr\",\"https:\/\/www.linkedin.com\/company\/efi-casablanca\/about\/?viewAsMember=true\"]}]}<\/script>\n<!-- \/ Yoast SEO plugin. -->","yoast_head_json":{"title":"L\u2019Association de Parents d\u2019\u00e9l\u00e8ves UcpEFI - \u00c9cole Fran\u00e7aise Internationale de Casablanca","description":"L\u2019Association de Parents d\u2019\u00e9l\u00e8ves UcpEFI : Communaut\u00e9 L'association des Parents d'\u00e9l\u00e8ves UcpEFI L\u2019UcpEFI est l\u2019Association de Parents d\u2019\u00e9l\u00e8ves de l\u2019EFI Casablanca. Son r\u00f4le est de repr\u00e9senter,","robots":{"index":"index","follow":"follow","max-snippet":"max-snippet:-1","max-image-preview":"max-image-preview:large","max-video-preview":"max-video-preview:-1"},"canonical":"https:\/\/eficasablanca.org\/en\/association-de-parents-deleves-ucpefi\/","og_locale":"en_US","og_type":"article","og_title":"L\u2019Association de Parents d\u2019\u00e9l\u00e8ves UcpEFI - \u00c9cole Fran\u00e7aise Internationale de Casablanca","og_description":"L\u2019Association de Parents d\u2019\u00e9l\u00e8ves UcpEFI : Communaut\u00e9 L'association des Parents d'\u00e9l\u00e8ves UcpEFI L\u2019UcpEFI est l\u2019Association de Parents d\u2019\u00e9l\u00e8ves de l\u2019EFI Casablanca. Son r\u00f4le est de repr\u00e9senter,","og_url":"https:\/\/eficasablanca.org\/en\/association-de-parents-deleves-ucpefi\/","og_site_name":"\u00c9cole Fran\u00e7aise Internationale de Casablanca","article_publisher":"https:\/\/www.facebook.com\/EFICasablanca","article_modified_time":"2025-09-08T09:45:36+00:00","og_image":[{"url":"https:\/\/eficasablanca.org\/wp-content\/uploads\/2023\/02\/logo-ucpefi-1024x614.webp","type":"","width":"","height":""}],"twitter_card":"summary_large_image","twitter_misc":{"Est. reading time":"2 minutes"},"schema":{"@context":"https:\/\/schema.org","@graph":[{"@type":"WebPage","@id":"https:\/\/eficasablanca.org\/association-de-parents-deleves-ucpefi\/","url":"https:\/\/eficasablanca.org\/association-de-parents-deleves-ucpefi\/","name":"L\u2019Association de Parents d\u2019\u00e9l\u00e8ves UcpEFI - \u00c9cole Fran\u00e7aise Internationale de Casablanca","isPartOf":{"@id":"https:\/\/eficasablanca.org\/#website"},"primaryImageOfPage":{"@id":"https:\/\/eficasablanca.org\/association-de-parents-deleves-ucpefi\/#primaryimage"},"image":{"@id":"https:\/\/eficasablanca.org\/association-de-parents-deleves-ucpefi\/#primaryimage"},"thumbnailUrl":"https:\/\/eficasablanca.org\/wp-content\/uploads\/2023\/02\/logo-ucpefi-1024x614.webp","datePublished":"2023-01-24T21:39:11+00:00","dateModified":"2025-09-08T09:45:36+00:00","description":"L\u2019Association de Parents d\u2019\u00e9l\u00e8ves UcpEFI : Communaut\u00e9 L'association des Parents d'\u00e9l\u00e8ves UcpEFI L\u2019UcpEFI est l\u2019Association de Parents d\u2019\u00e9l\u00e8ves de l\u2019EFI Casablanca. Son r\u00f4le est de repr\u00e9senter,","breadcrumb":{"@id":"https:\/\/eficasablanca.org\/association-de-parents-deleves-ucpefi\/#breadcrumb"},"inLanguage":"en-US","potentialAction":[{"@type":"ReadAction","target":["https:\/\/eficasablanca.org\/association-de-parents-deleves-ucpefi\/"]}]},{"@type":"ImageObject","inLanguage":"en-US","@id":"https:\/\/eficasablanca.org\/association-de-parents-deleves-ucpefi\/#primaryimage","url":"https:\/\/eficasablanca.org\/wp-content\/uploads\/2023\/02\/logo-ucpefi-1024x614.webp","contentUrl":"https:\/\/eficasablanca.org\/wp-content\/uploads\/2023\/02\/logo-ucpefi-1024x614.webp"},{"@type":"BreadcrumbList","@id":"https:\/\/eficasablanca.org\/association-de-parents-deleves-ucpefi\/#breadcrumb","itemListElement":[{"@type":"ListItem","position":1,"name":"Accueil","item":"https:\/\/eficasablanca.org\/"},{"@type":"ListItem","position":2,"name":"L\u2019Association de Parents d\u2019\u00e9l\u00e8ves UcpEFI"}]},{"@type":"WebSite","@id":"https:\/\/eficasablanca.org\/#website","url":"https:\/\/eficasablanca.org\/","name":"Casablanca International French School","description":"L&#039;\u00c9cole Fran\u00e7aise Internationale","publisher":{"@id":"https:\/\/eficasablanca.org\/#organization"},"potentialAction":[{"@type":"SearchAction","target":{"@type":"EntryPoint","urlTemplate":"https:\/\/eficasablanca.org\/?s={search_term_string}"},"query-input":{"@type":"PropertyValueSpecification","valueRequired":true,"valueName":"search_term_string"}}],"inLanguage":"en-US"},{"@type":"Organization","@id":"https:\/\/eficasablanca.org\/#organization","name":"Ecole Fran\u00e7aise Internationale Casablanca","url":"https:\/\/eficasablanca.org\/","logo":{"@type":"ImageObject","inLanguage":"en-US","@id":"https:\/\/eficasablanca.org\/#\/schema\/logo\/image\/","url":"https:\/\/eficasablanca.org\/wp-content\/uploads\/2022\/12\/Logo-EFI-DEF-1-1-02-1.webp","contentUrl":"https:\/\/eficasablanca.org\/wp-content\/uploads\/2022\/12\/Logo-EFI-DEF-1-1-02-1.webp","width":644,"height":100,"caption":"Ecole Fran\u00e7aise Internationale Casablanca"},"image":{"@id":"https:\/\/eficasablanca.org\/#\/schema\/logo\/image\/"},"sameAs":["https:\/\/www.facebook.com\/EFICasablanca","https:\/\/www.instagram.com\/efi_casablanca\/?hl=fr","https:\/\/www.linkedin.com\/company\/efi-casablanca\/about\/?viewAsMember=true"]}]}},"_links":{"self":[{"href":"https:\/\/eficasablanca.org\/en\/wp-json\/wp\/v2\/pages\/3221","targetHints":{"allow":["GET"]}}],"collection":[{"href":"https:\/\/eficasablanca.org\/en\/wp-json\/wp\/v2\/pages"}],"about":[{"href":"https:\/\/eficasablanca.org\/en\/wp-json\/wp\/v2\/types\/page"}],"author":[{"embeddable":true,"href":"https:\/\/eficasablanca.org\/en\/wp-json\/wp\/v2\/users\/1"}],"replies":[{"embeddable":true,"href":"https:\/\/eficasablanca.org\/en\/wp-json\/wp\/v2\/comments?post=3221"}],"version-history":[{"count":105,"href":"https:\/\/eficasablanca.org\/en\/wp-json\/wp\/v2\/pages\/3221\/revisions"}],"predecessor-version":[{"id":11263,"href":"https:\/\/eficasablanca.org\/en\/wp-json\/wp\/v2\/pages\/3221\/revisions\/11263"}],"wp:attachment":[{"href":"https:\/\/eficasablanca.org\/en\/wp-json\/wp\/v2\/media?parent=3221"}],"curies":[{"name":"wp","href":"https:\/\/api.w.org\/{rel}","templated":true}]}}